{"id":734,"date":"2018-07-26T10:49:22","date_gmt":"2018-07-26T13:49:22","guid":{"rendered":"https:\/\/isp9vm-sfe.infd.edu.ar\/sitio\/?page_id=734"},"modified":"2020-11-26T10:38:49","modified_gmt":"2020-11-26T13:38:49","slug":"plan-de-estudio","status":"publish","type":"page","link":"https:\/\/isp9vm-sfe.infd.edu.ar\/sitio\/catalogo\/plan-de-estudio\/","title":{"rendered":"Plan de estudio"},"content":{"rendered":"<h4>Tecnicatura en Gesti\u00f3n de las Organizaciones<\/h4>\n<ul>\n<li>\n<pre>Acerca de la carrera<\/pre>\n<\/li>\n<li>\n<pre>Plan de estudios\r\n<img decoding=\"async\" loading=\"lazy\" class=\"alignnone size-medium wp-image-824\" src=\"https:\/\/isp9vm-sfe.infd.edu.ar\/sitio\/wp-content\/uploads\/2020\/11\/Plan_de_Estudio_Gestion-592x1000.png\" alt=\"\" width=\"592\" height=\"1000\" srcset=\"https:\/\/isp9vm-sfe.infd.edu.ar\/sitio\/wp-content\/uploads\/2020\/11\/Plan_de_Estudio_Gestion-592x1000.png 592w, https:\/\/isp9vm-sfe.infd.edu.ar\/sitio\/wp-content\/uploads\/2020\/11\/Plan_de_Estudio_Gestion.png 650w\" sizes=\"(max-width: 592px) 100vw, 592px\" \/><\/pre>\n<\/li>\n<li>\n<pre>Perfil del Egresado<\/pre>\n<\/li>\n<\/ul>\n<p>&nbsp;<\/p>\n<h4>Acerca de la carrera<\/h4>\n<p>P\u00e1rrafo de texto normal<\/p>\n<h4><\/h4>\n<h4><\/h4>\n<p>&nbsp;<\/p>\n<p>&nbsp;<\/p>\n<h4>Perfil del egresado<\/h4>\n<p>P\u00e1rrafo de texto normal<\/p>\n<p>&nbsp;<\/p>\n","protected":false},"excerpt":{"rendered":"<p>Tecnicatura en Gesti\u00f3n de las Organizaciones Acerca de la carrera Plan de estudios Perfil del Egresado &nbsp; Acerca de la carrera P\u00e1rrafo de texto normal &nbsp; &nbsp; Perfil del egresado P\u00e1rrafo de texto normal &nbsp;<\/p>\n","protected":false},"author":6,"featured_media":0,"parent":644,"menu_order":0,"comment_status":"closed","ping_status":"closed","template":"","meta":[],"acf":[],"_links":{"self":[{"href":"https:\/\/isp9vm-sfe.infd.edu.ar\/sitio\/wp-json\/wp\/v2\/pages\/734"}],"collection":[{"href":"https:\/\/isp9vm-sfe.infd.edu.ar\/sitio\/wp-json\/wp\/v2\/pages"}],"about":[{"href":"https:\/\/isp9vm-sfe.infd.edu.ar\/sitio\/wp-json\/wp\/v2\/types\/page"}],"author":[{"embeddable":true,"href":"https:\/\/isp9vm-sfe.infd.edu.ar\/sitio\/wp-json\/wp\/v2\/users\/6"}],"replies":[{"embeddable":true,"href":"https:\/\/isp9vm-sfe.infd.edu.ar\/sitio\/wp-json\/wp\/v2\/comments?post=734"}],"version-history":[{"count":7,"href":"https:\/\/isp9vm-sfe.infd.edu.ar\/sitio\/wp-json\/wp\/v2\/pages\/734\/revisions"}],"predecessor-version":[{"id":855,"href":"https:\/\/isp9vm-sfe.infd.edu.ar\/sitio\/wp-json\/wp\/v2\/pages\/734\/revisions\/855"}],"up":[{"embeddable":true,"href":"https:\/\/isp9vm-sfe.infd.edu.ar\/sitio\/wp-json\/wp\/v2\/pages\/644"}],"wp:attachment":[{"href":"https:\/\/isp9vm-sfe.infd.edu.ar\/sitio\/wp-json\/wp\/v2\/media?parent=734"}],"curies":[{"name":"wp","href":"https:\/\/api.w.org\/{rel}","templated":true}]}}