{"id":837,"date":"2020-11-26T08:58:04","date_gmt":"2020-11-26T11:58:04","guid":{"rendered":"https:\/\/isp9vm-sfe.infd.edu.ar\/sitio\/?page_id=837"},"modified":"2020-11-26T10:35:27","modified_gmt":"2020-11-26T13:35:27","slug":"solicitud-de-inscripcion","status":"publish","type":"page","link":"https:\/\/isp9vm-sfe.infd.edu.ar\/sitio\/solicitud-de-inscripcion\/","title":{"rendered":"Solicitud de inscripci\u00f3n"},"content":{"rendered":"<p><a href=\"https:\/\/isp9vm-sfe.infd.edu.ar\/sitio\/wp-content\/uploads\/2020\/11\/Solicitud-Inscripcion-T\u00e9cnico-Superior-en-Gesti\u00f3n-de-las-Organizaciones-.pdf\">Solicitud-Inscripcion-T\u00e9cnico-Superior-en-Gesti\u00f3n-de-las-Organizaciones-<\/a><a href=\"https:\/\/isp9vm-sfe.infd.edu.ar\/sitio\/wp-content\/uploads\/2020\/11\/Solicitud-Inscripcion-Educacion-Primaria-.pdf\">Solicitud-Inscripcion-Educacion-Primaria-<\/a><\/p>\n<p><a href=\"https:\/\/isp9vm-sfe.infd.edu.ar\/sitio\/wp-content\/uploads\/2020\/11\/Solicitud-Inscripcion-Educacion-Primaria-.pdf\">Solicitud-Inscripci\u00f3n-Educaci\u00f3n-Primaria-<\/a><\/p>\n","protected":false},"excerpt":{"rendered":"<p>Solicitud-Inscripcion-T\u00e9cnico-Superior-en-Gesti\u00f3n-de-las-Organizaciones-Solicitud-Inscripcion-Educacion-Primaria- Solicitud-Inscripci\u00f3n-Educaci\u00f3n-Primaria-<\/p>\n","protected":false},"author":14,"featured_media":0,"parent":0,"menu_order":0,"comment_status":"closed","ping_status":"closed","template":"","meta":[],"acf":[],"_links":{"self":[{"href":"https:\/\/isp9vm-sfe.infd.edu.ar\/sitio\/wp-json\/wp\/v2\/pages\/837"}],"collection":[{"href":"https:\/\/isp9vm-sfe.infd.edu.ar\/sitio\/wp-json\/wp\/v2\/pages"}],"about":[{"href":"https:\/\/isp9vm-sfe.infd.edu.ar\/sitio\/wp-json\/wp\/v2\/types\/page"}],"author":[{"embeddable":true,"href":"https:\/\/isp9vm-sfe.infd.edu.ar\/sitio\/wp-json\/wp\/v2\/users\/14"}],"replies":[{"embeddable":true,"href":"https:\/\/isp9vm-sfe.infd.edu.ar\/sitio\/wp-json\/wp\/v2\/comments?post=837"}],"version-history":[{"count":3,"href":"https:\/\/isp9vm-sfe.infd.edu.ar\/sitio\/wp-json\/wp\/v2\/pages\/837\/revisions"}],"predecessor-version":[{"id":854,"href":"https:\/\/isp9vm-sfe.infd.edu.ar\/sitio\/wp-json\/wp\/v2\/pages\/837\/revisions\/854"}],"wp:attachment":[{"href":"https:\/\/isp9vm-sfe.infd.edu.ar\/sitio\/wp-json\/wp\/v2\/media?parent=837"}],"curies":[{"name":"wp","href":"https:\/\/api.w.org\/{rel}","templated":true}]}}